{"id":5,"date":"2022-11-06T22:10:48","date_gmt":"2022-11-06T21:10:48","guid":{"rendered":"http:\/\/www.collabsys-it.com\/index.php\/home\/"},"modified":"2022-11-07T21:39:11","modified_gmt":"2022-11-07T20:39:11","slug":"home","status":"publish","type":"page","link":"https:\/\/www.collabsys-it.com\/","title":{"rendered":"Home"},"content":{"rendered":"\n<div class=\"wp-block-group\"><div class=\"wp-block-group__inner-container is-layout-constrained wp-block-group-is-layout-constrained\">\n<div class=\"wp-block-group has-luminous-dusk-gradient-background has-background\"><div class=\"wp-block-group__inner-container is-layout-constrained wp-block-group-is-layout-constrained\">\n<p class=\"has-text-align-center has-medium-font-size\"><strong><br><br><\/strong><\/p>\n<\/div><\/div>\n<\/div><\/div>\n\n\n\n<div class=\"wp-block-group has-pale-ocean-gradient-background has-background\"><div class=\"wp-block-group__inner-container is-layout-constrained wp-block-group-is-layout-constrained\">\n<p class=\"has-text-align-center has-medium-font-size\"><br><br><strong>Nos Valeurs<\/strong><\/p>\n\n\n\n<p class=\"has-text-align-center\">Sp\u00e9cialisation<\/p>\n\n\n\n<p>Parce que chaque entreprise a sa propre culture et ses particularit\u00e9s, nous vous proposons des solutions souples, param\u00e9trables, simples \u00e0 installer et \u00e0 faire \u00e9voluer, vous assurant un retour sur investissement s\u00fbr et rapide. Nos consultants, tous sp\u00e9cialis\u00e9s par activit\u00e9, sont vos interlocuteurs privil\u00e9gi\u00e9s pour garantir le bon d\u00e9roulement de vos projets<br><br><br><\/p>\n\n\n\n<p><\/p>\n<\/div><\/div>\n\n\n\n<p><\/p>\n\n\n\n<div class=\"wp-block-group has-cool-to-warm-spectrum-gradient-background has-background\"><div class=\"wp-block-group__inner-container is-layout-constrained wp-block-group-is-layout-constrained\">\n<p class=\"has-text-align-center has-medium-font-size\"><br><br><strong>Notre Vision<\/strong><\/p>\n\n\n\n<p class=\"has-text-align-center\">Transformation Num\u00e9rique<\/p>\n\n\n\n<p>Aider les clients \u00e0 prendre des initiatives sans papier en optant pour la digitalisation.<br><br><br><\/p>\n\n\n\n<p><\/p>\n<\/div><\/div>\n","protected":false},"excerpt":{"rendered":"<p>Nos Valeurs Sp\u00e9cialisation Parce que chaque entreprise a sa propre culture et ses particularit\u00e9s, nous vous proposons des solutions souples, param\u00e9trables, simples \u00e0 installer et \u00e0 faire \u00e9voluer, vous assurant un retour sur investissement s\u00fbr et rapide. Nos consultants, tous sp\u00e9cialis\u00e9s par activit\u00e9, sont vos interlocuteurs privil\u00e9gi\u00e9s pour garantir le bon d\u00e9roulement de vos projets [&hellip;]<\/p>\n","protected":false},"author":1,"featured_media":0,"parent":0,"menu_order":0,"comment_status":"closed","ping_status":"closed","template":"templates\/template-homepage.php","meta":{"footnotes":""},"class_list":["post-5","page","type-page","status-publish","hentry"],"_links":{"self":[{"href":"https:\/\/www.collabsys-it.com\/index.php\/wp-json\/wp\/v2\/pages\/5","targetHints":{"allow":["GET"]}}],"collection":[{"href":"https:\/\/www.collabsys-it.com\/index.php\/wp-json\/wp\/v2\/pages"}],"about":[{"href":"https:\/\/www.collabsys-it.com\/index.php\/wp-json\/wp\/v2\/types\/page"}],"author":[{"embeddable":true,"href":"https:\/\/www.collabsys-it.com\/index.php\/wp-json\/wp\/v2\/users\/1"}],"replies":[{"embeddable":true,"href":"https:\/\/www.collabsys-it.com\/index.php\/wp-json\/wp\/v2\/comments?post=5"}],"version-history":[{"count":13,"href":"https:\/\/www.collabsys-it.com\/index.php\/wp-json\/wp\/v2\/pages\/5\/revisions"}],"predecessor-version":[{"id":70,"href":"https:\/\/www.collabsys-it.com\/index.php\/wp-json\/wp\/v2\/pages\/5\/revisions\/70"}],"wp:attachment":[{"href":"https:\/\/www.collabsys-it.com\/index.php\/wp-json\/wp\/v2\/media?parent=5"}],"curies":[{"name":"wp","href":"https:\/\/api.w.org\/{rel}","templated":true}]}}